{"id":14,"date":"2022-01-06T20:24:21","date_gmt":"2022-01-06T19:24:21","guid":{"rendered":"http:\/\/unerosepourlaura.be\/?page_id=14"},"modified":"2022-01-11T12:13:05","modified_gmt":"2022-01-11T11:13:05","slug":"contact","status":"publish","type":"page","link":"https:\/\/unerosepourlaura.be\/contact\/","title":{"rendered":"Contact"},"content":{"rendered":"\n<h1 class=\"has-text-align-center wp-block-heading\">Contact<\/h1>\n\n\n\n<p class=\"has-text-align-center\">Envoyez-nous un message ou utilisez le formulaire de contact ci-dessous.<\/p>\n\n\n\n<p class=\"has-text-align-center\">Nous vous r\u00e9pondrons dans les meilleurs d\u00e9lais.<\/p>\n\n\n\n<p><\/p>\n\n\n\n<p class=\"has-text-align-left\">Email : <a href=\"mailto:coralie@unerosepourlaura.be\">coralie@unerosepourlaura.be<\/a><br>T\u00e9l : 0485\/350.799<\/p>\n\n\n\n<p><\/p>\n\n\n<div class=\"wpforms-container wpforms-container-full\" id=\"wpforms-78\"><form id=\"wpforms-form-78\" class=\"wpforms-validate wpforms-form wpforms-ajax-form\" data-formid=\"78\" method=\"post\" enctype=\"multipart\/form-data\" action=\"\/index.php?rest_route=%2Fwp%2Fv2%2Fpages%2F14\" data-token=\"ea7203624698266fde67f2525677e03d\"><noscript class=\"wpforms-error-noscript\">Veuillez activer JavaScript dans votre navigateur pour remplir ce formulaire.<\/noscript><div class=\"wpforms-field-container\"><div id=\"wpforms-78-field_0-container\" class=\"wpforms-field wpforms-field-name\" data-field-id=\"0\"><label class=\"wpforms-field-label\" for=\"wpforms-78-field_0\">Nom <span class=\"wpforms-required-label\">*<\/span><\/label><div class=\"wpforms-field-row wpforms-field-medium\"><div class=\"wpforms-field-row-block wpforms-first wpforms-one-half\"><input type=\"text\" id=\"wpforms-78-field_0\" class=\"wpforms-field-name-first wpforms-field-required\" name=\"wpforms[fields][0][first]\" required><label for=\"wpforms-78-field_0\" class=\"wpforms-field-sublabel after \">Pr\u00e9nom<\/label><\/div><div class=\"wpforms-field-row-block wpforms-one-half\"><input type=\"text\" id=\"wpforms-78-field_0-last\" class=\"wpforms-field-name-last wpforms-field-required\" name=\"wpforms[fields][0][last]\" required><label for=\"wpforms-78-field_0-last\" class=\"wpforms-field-sublabel after \">Nom<\/label><\/div><\/div><\/div><div id=\"wpforms-78-field_1-container\" class=\"wpforms-field wpforms-field-email\" data-field-id=\"1\"><label class=\"wpforms-field-label\" for=\"wpforms-78-field_1\">Email <span class=\"wpforms-required-label\">*<\/span><\/label><input type=\"email\" id=\"wpforms-78-field_1\" class=\"wpforms-field-medium wpforms-field-required\" name=\"wpforms[fields][1]\" required><\/div><div id=\"wpforms-78-field_5-container\" class=\"wpforms-field wpforms-field-text\" data-field-id=\"5\"><label class=\"wpforms-field-label\" for=\"wpforms-78-field_5\">T\u00e9l\u00e9phone<\/label><input type=\"text\" id=\"wpforms-78-field_5\" class=\"wpforms-field-medium\" name=\"wpforms[fields][5]\" ><\/div><div id=\"wpforms-78-field_2-container\" class=\"wpforms-field wpforms-field-textarea\" data-field-id=\"2\"><label class=\"wpforms-field-label\" for=\"wpforms-78-field_2\">Message <span class=\"wpforms-required-label\">*<\/span><\/label><textarea id=\"wpforms-78-field_2\" class=\"wpforms-field-medium wpforms-field-required\" name=\"wpforms[fields][2]\" required><\/textarea><\/div><div id=\"wpforms-78-field_4-container\" class=\"wpforms-field wpforms-field-radio\" data-field-id=\"4\"><label class=\"wpforms-field-label\" for=\"wpforms-78-field_4\">Je marque mon accord pour l&#039;utilisation des mes coordonn\u00e9es dans le cadre de ma demande<\/label><ul id=\"wpforms-78-field_4\"><li class=\"choice-1 depth-1\"><input type=\"radio\" id=\"wpforms-78-field_4_1\" name=\"wpforms[fields][4]\" value=\"Oui\"  ><label class=\"wpforms-field-label-inline\" for=\"wpforms-78-field_4_1\">Oui<\/label><\/li><li class=\"choice-2 depth-1 wpforms-selected\"><input type=\"radio\" id=\"wpforms-78-field_4_2\" name=\"wpforms[fields][4]\" value=\"Non\"   checked='checked'><label class=\"wpforms-field-label-inline\" for=\"wpforms-78-field_4_2\">Non<\/label><\/li><\/ul><\/div><\/div><div class=\"wpforms-recaptcha-container wpforms-is-recaptcha\"><div class=\"g-recaptcha\" data-sitekey=\"6LeM3OkfAAAAALmKBloQZaML7i46R6mImDx7SQVV\" data-size=\"invisible\"><\/div><\/div><div class=\"wpforms-submit-container\"><input type=\"hidden\" name=\"wpforms[id]\" value=\"78\"><input type=\"hidden\" name=\"wpforms[author]\" value=\"1\"><button type=\"submit\" name=\"wpforms[submit]\" id=\"wpforms-submit-78\" class=\"wpforms-submit\" data-alt-text=\"Envoi...\" data-submit-text=\"Envoyer\" aria-live=\"assertive\" value=\"wpforms-submit\">Envoyer<\/button><img loading=\"lazy\" decoding=\"async\" src=\"https:\/\/unerosepourlaura.be\/wp-content\/plugins\/wpforms-lite\/assets\/images\/submit-spin.svg\" class=\"wpforms-submit-spinner\" style=\"display: none;\" width=\"26\" height=\"26\" alt=\"\"><\/div><\/form><\/div>  <!-- .wpforms-container -->","protected":false},"excerpt":{"rendered":"<p>Contact Envoyez-nous un message ou utilisez le formulaire de contact ci-dessous. Nous vous r\u00e9pondrons dans les meilleurs d\u00e9lais. Email : coralie@unerosepourlaura.beT\u00e9l : 0485\/350.799<\/p>\n","protected":false},"author":1,"featured_media":0,"parent":0,"menu_order":0,"comment_status":"closed","ping_status":"closed","template":"","meta":{"ub_ctt_via":"","footnotes":""},"class_list":["post-14","page","type-page","status-publish","hentry"],"featured_image_src":null,"yoast_head":"<!-- This site is optimized with the Yoast SEO plugin v17.9 - https:\/\/yoast.com\/wordpress\/plugins\/seo\/ -->\n<title>Contact - Une Rose pour Laura<\/title>\n<meta name=\"robots\" content=\"index, follow, max-snippet:-1, max-image-preview:large, max-video-preview:-1\" \/>\n<link rel=\"canonical\" href=\"https:\/\/unerosepourlaura.be\/contact\/\" \/>\n<meta property=\"og:locale\" content=\"fr_FR\" \/>\n<meta property=\"og:type\" content=\"article\" \/>\n<meta property=\"og:title\" content=\"Contact - Une Rose pour Laura\" \/>\n<meta property=\"og:description\" content=\"Contact Envoyez-nous un message ou utilisez le formulaire de contact ci-dessous. Nous vous r\u00e9pondrons dans les meilleurs d\u00e9lais. Email : coralie@unerosepourlaura.beT\u00e9l : 0485\/350.799\" \/>\n<meta property=\"og:url\" content=\"https:\/\/unerosepourlaura.be\/contact\/\" \/>\n<meta property=\"og:site_name\" content=\"Une Rose pour Laura\" \/>\n<meta property=\"article:publisher\" content=\"https:\/\/www.facebook.com\/unerosepourlauraasbl\" \/>\n<meta property=\"article:modified_time\" content=\"2022-01-11T11:13:05+00:00\" \/>\n<meta name=\"twitter:card\" content=\"summary_large_image\" \/>\n<script type=\"application\/ld+json\" class=\"yoast-schema-graph\">{\"@context\":\"https:\/\/schema.org\",\"@graph\":[{\"@type\":\"Organization\",\"@id\":\"https:\/\/unerosepourlaura.be\/#organization\",\"name\":\"Une rose pour Laura ASBL\",\"url\":\"https:\/\/unerosepourlaura.be\/\",\"sameAs\":[\"https:\/\/www.facebook.com\/unerosepourlauraasbl\"],\"logo\":{\"@type\":\"ImageObject\",\"@id\":\"https:\/\/unerosepourlaura.be\/#logo\",\"inLanguage\":\"fr-FR\",\"url\":\"https:\/\/unerosepourlaura.be\/wp-content\/uploads\/2022\/01\/Logo.png\",\"contentUrl\":\"https:\/\/unerosepourlaura.be\/wp-content\/uploads\/2022\/01\/Logo.png\",\"width\":979,\"height\":960,\"caption\":\"Une rose pour Laura ASBL\"},\"image\":{\"@id\":\"https:\/\/unerosepourlaura.be\/#logo\"}},{\"@type\":\"WebSite\",\"@id\":\"https:\/\/unerosepourlaura.be\/#website\",\"url\":\"https:\/\/unerosepourlaura.be\/\",\"name\":\"Une Rose pour Laura\",\"description\":\"Association de soutien au bonheur des enfants en difficult\\u00e9\",\"publisher\":{\"@id\":\"https:\/\/unerosepourlaura.be\/#organization\"},\"potentialAction\":[{\"@type\":\"SearchAction\",\"target\":{\"@type\":\"EntryPoint\",\"urlTemplate\":\"https:\/\/unerosepourlaura.be\/?s={search_term_string}\"},\"query-input\":\"required name=search_term_string\"}],\"inLanguage\":\"fr-FR\"},{\"@type\":\"WebPage\",\"@id\":\"https:\/\/unerosepourlaura.be\/contact\/#webpage\",\"url\":\"https:\/\/unerosepourlaura.be\/contact\/\",\"name\":\"Contact - Une Rose pour Laura\",\"isPartOf\":{\"@id\":\"https:\/\/unerosepourlaura.be\/#website\"},\"datePublished\":\"2022-01-06T19:24:21+00:00\",\"dateModified\":\"2022-01-11T11:13:05+00:00\",\"breadcrumb\":{\"@id\":\"https:\/\/unerosepourlaura.be\/contact\/#breadcrumb\"},\"inLanguage\":\"fr-FR\",\"potentialAction\":[{\"@type\":\"ReadAction\",\"target\":[\"https:\/\/unerosepourlaura.be\/contact\/\"]}]},{\"@type\":\"BreadcrumbList\",\"@id\":\"https:\/\/unerosepourlaura.be\/contact\/#breadcrumb\",\"itemListElement\":[{\"@type\":\"ListItem\",\"position\":1,\"name\":\"Accueil\",\"item\":\"https:\/\/unerosepourlaura.be\/\"},{\"@type\":\"ListItem\",\"position\":2,\"name\":\"Contact\"}]}]}<\/script>\n<!-- \/ Yoast SEO plugin. -->","yoast_head_json":{"title":"Contact - Une Rose pour Laura","robots":{"index":"index","follow":"follow","max-snippet":"max-snippet:-1","max-image-preview":"max-image-preview:large","max-video-preview":"max-video-preview:-1"},"canonical":"https:\/\/unerosepourlaura.be\/contact\/","og_locale":"fr_FR","og_type":"article","og_title":"Contact - Une Rose pour Laura","og_description":"Contact Envoyez-nous un message ou utilisez le formulaire de contact ci-dessous. Nous vous r\u00e9pondrons dans les meilleurs d\u00e9lais. Email : coralie@unerosepourlaura.beT\u00e9l : 0485\/350.799","og_url":"https:\/\/unerosepourlaura.be\/contact\/","og_site_name":"Une Rose pour Laura","article_publisher":"https:\/\/www.facebook.com\/unerosepourlauraasbl","article_modified_time":"2022-01-11T11:13:05+00:00","twitter_card":"summary_large_image","schema":{"@context":"https:\/\/schema.org","@graph":[{"@type":"Organization","@id":"https:\/\/unerosepourlaura.be\/#organization","name":"Une rose pour Laura ASBL","url":"https:\/\/unerosepourlaura.be\/","sameAs":["https:\/\/www.facebook.com\/unerosepourlauraasbl"],"logo":{"@type":"ImageObject","@id":"https:\/\/unerosepourlaura.be\/#logo","inLanguage":"fr-FR","url":"https:\/\/unerosepourlaura.be\/wp-content\/uploads\/2022\/01\/Logo.png","contentUrl":"https:\/\/unerosepourlaura.be\/wp-content\/uploads\/2022\/01\/Logo.png","width":979,"height":960,"caption":"Une rose pour Laura ASBL"},"image":{"@id":"https:\/\/unerosepourlaura.be\/#logo"}},{"@type":"WebSite","@id":"https:\/\/unerosepourlaura.be\/#website","url":"https:\/\/unerosepourlaura.be\/","name":"Une Rose pour Laura","description":"Association de soutien au bonheur des enfants en difficult\u00e9","publisher":{"@id":"https:\/\/unerosepourlaura.be\/#organization"},"potentialAction":[{"@type":"SearchAction","target":{"@type":"EntryPoint","urlTemplate":"https:\/\/unerosepourlaura.be\/?s={search_term_string}"},"query-input":"required name=search_term_string"}],"inLanguage":"fr-FR"},{"@type":"WebPage","@id":"https:\/\/unerosepourlaura.be\/contact\/#webpage","url":"https:\/\/unerosepourlaura.be\/contact\/","name":"Contact - Une Rose pour Laura","isPartOf":{"@id":"https:\/\/unerosepourlaura.be\/#website"},"datePublished":"2022-01-06T19:24:21+00:00","dateModified":"2022-01-11T11:13:05+00:00","breadcrumb":{"@id":"https:\/\/unerosepourlaura.be\/contact\/#breadcrumb"},"inLanguage":"fr-FR","potentialAction":[{"@type":"ReadAction","target":["https:\/\/unerosepourlaura.be\/contact\/"]}]},{"@type":"BreadcrumbList","@id":"https:\/\/unerosepourlaura.be\/contact\/#breadcrumb","itemListElement":[{"@type":"ListItem","position":1,"name":"Accueil","item":"https:\/\/unerosepourlaura.be\/"},{"@type":"ListItem","position":2,"name":"Contact"}]}]}},"uagb_featured_image_src":{"full":false,"thumbnail":false,"medium":false,"medium_large":false,"large":false,"1536x1536":false,"2048x2048":false},"uagb_author_info":{"display_name":"admin","author_link":"https:\/\/unerosepourlaura.be\/author\/admin\/"},"uagb_comment_info":0,"uagb_excerpt":"Contact Envoyez-nous un message ou utilisez le formulaire de contact ci-dessous. Nous vous r\u00e9pondrons dans les meilleurs d\u00e9lais. Email : coralie@unerosepourlaura.beT\u00e9l : 0485\/350.799","_links":{"self":[{"href":"https:\/\/unerosepourlaura.be\/wp-json\/wp\/v2\/pages\/14","targetHints":{"allow":["GET"]}}],"collection":[{"href":"https:\/\/unerosepourlaura.be\/wp-json\/wp\/v2\/pages"}],"about":[{"href":"https:\/\/unerosepourlaura.be\/wp-json\/wp\/v2\/types\/page"}],"author":[{"embeddable":true,"href":"https:\/\/unerosepourlaura.be\/wp-json\/wp\/v2\/users\/1"}],"replies":[{"embeddable":true,"href":"https:\/\/unerosepourlaura.be\/wp-json\/wp\/v2\/comments?post=14"}],"version-history":[{"count":10,"href":"https:\/\/unerosepourlaura.be\/wp-json\/wp\/v2\/pages\/14\/revisions"}],"predecessor-version":[{"id":174,"href":"https:\/\/unerosepourlaura.be\/wp-json\/wp\/v2\/pages\/14\/revisions\/174"}],"wp:attachment":[{"href":"https:\/\/unerosepourlaura.be\/wp-json\/wp\/v2\/media?parent=14"}],"curies":[{"name":"wp","href":"https:\/\/api.w.org\/{rel}","templated":true}]}}